{"id":985,"date":"2022-08-09T04:47:36","date_gmt":"2022-08-09T04:47:36","guid":{"rendered":"https:\/\/luavangvina.com\/?page_id=985"},"modified":"2022-08-09T10:00:47","modified_gmt":"2022-08-09T10:00:47","slug":"about-us","status":"publish","type":"page","link":"https:\/\/luavangvina.com\/en\/about-us\/","title":{"rendered":"About Us"},"content":{"rendered":"<p>[vc_row full_width=&#8221;stretch_row&#8221; content_placement=&#8221;middle&#8221; css=&#8221;.vc_custom_1651812077831{padding-bottom: 40px !important;background-image: url(http:\/\/luavang.southteam.studio\/wp-content\/uploads\/2022\/05\/about-3-bg-1-1.png?id=191) !important;}&#8221; el_class=&#8221;bg-abus&#8221;][vc_column][vc_single_image image=&#8221;69&#8243; el_class=&#8221;img-header center&#8221; css=&#8221;.vc_custom_1651807747420{margin-bottom: 10px !important;}&#8221;][vc_custom_heading text=&#8221;Welcome To&#8221; font_container=&#8221;tag:h2|text_align:center&#8221; use_theme_fonts=&#8221;yes&#8221; el_class=&#8221;title-sub&#8221;][vc_custom_heading text=&#8221;GOLDEN WHEAT JSC&#8221; font_container=&#8221;tag:h2|text_align:center&#8221; use_theme_fonts=&#8221;yes&#8221; el_class=&#8221;title-main&#8221;][vc_empty_space height=&#8221;30px&#8221;][vc_column_text]Inherited from Hiep Luc Co., Ltd (Song Than Flour Factory) with the famous Bach Tuyet (now known as Fairy) flour, this is a company gathered from experienced Chinese owners. experience in the flour industry since before liberation.<\/p>\n<p>Golden Wheat Joint Stock Company officially operated in 2006, under the business registration license number 4603000216 issued by the Department of Planning and Investment of Binh Duong Province on March 17, 2006 with the function of trading and milling wheat, mechanical processing (grinding cranes), transportation of goods&#8230; Located at the gateway to Ho Chi Minh City, it is very convenient for transporting goods.<\/p>\n<p>From the famous Italian brand OCRIM milling line system at the time of taking over, the company has invested and put into production 2 more milling line systems with a total capacity of nearly 400 tons\/day.<\/p>\n<p>With the motto &#8220;bringing gold value&#8221;, Golden Rice Joint Stock Company has been constantly improving its responsibility to the community and improving the production process to match the development of society as well as consumer demand. increasingly intelligent use of customers.<\/p>\n<p>Good products, competitive prices, trust from consumers, sustainable development are the top criteria of Golden Rice Joint Stock Company. To do this, the company has invested in quality control system, product research and development with full European standard equipment such as: Brabender&#8217;s Farinograph and Extensograph, Chopin&#8217;s Infraneo&#8230; especially the company has just introduced operating the system of tank trucks transporting powder of Zenith brand imported from Singapore, this is the first modern powder transport tank truck system in Vietnam.<\/p>\n<p>In parallel with the application of modern machinery and equipment, the company also applies the quality management system ISO 9001: 2008 and the upcoming advanced quality management system HACCP to fully promote work efficiency, helping reduce production costs to have more competitive product prices.<\/p>\n<p>The company&#8217;s business market share is expanding, now the company&#8217;s distribution system is nationwide. In addition to traditional customers, the company has been supplying to leading manufacturing companies in Vietnam such as: Acecook VN Company, Bibica Confectionery Company, Cargill Company, Guyomarc&#8217;h VN Company, Phuong Company Dong (FuDo noodles), Thang Long Biotechnology Co., Ltd., Sao A Company\u2026<\/p>\n<p>The company&#8217;s flour product brands are trusted: Con Voi,\u00a0N\u00e0ng Ti\u00ean,\u00a0G\u1ea5u Tr\u00fac,\u00a03A,\u00a0C\u00e1i Chu\u00f4ng,\u00a02B\u2026 Packaged flour products: LV9, D\u00f2n D\u00f2n\u2026 Noodle bran products: C\u00e1m m\u00ec 1,\u00a0C\u00e1m m\u00ec 2\u2026<\/p>\n<p>With the trust and confidence of our customers, we will do our best to maintain and develop that respect.[\/vc_column_text][\/vc_column][\/vc_row][vc_row full_width=&#8221;stretch_row&#8221; content_placement=&#8221;middle&#8221; parallax=&#8221;content-moving&#8221; parallax_image=&#8221;180&#8243; css=&#8221;.vc_custom_1651811716758{padding-top: 40px !important;padding-bottom: 40px !important;}&#8221; el_class=&#8221;bg-tn-sm&#8221;][vc_column width=&#8221;1\/3&#8243;][vc_custom_heading text=&#8221;Our vision and mission&#8221; use_theme_fonts=&#8221;yes&#8221; el_class=&#8221;title-main&#8221;][\/vc_column][vc_column width=&#8221;1\/3&#8243; el_class=&#8221;box-tn-sm&#8221;][vc_custom_heading text=&#8221;Vision&#8221; use_theme_fonts=&#8221;yes&#8221;][vc_column_text css=&#8221;.vc_custom_1651810526440{margin-bottom: 0px !important;}&#8221;]We aspire to be a leading food processing business in the region.[\/vc_column_text][\/vc_column][vc_column width=&#8221;1\/3&#8243; el_class=&#8221;box-tn-sm&#8221;][vc_custom_heading text=&#8221;Mission&#8221; use_theme_fonts=&#8221;yes&#8221;][vc_column_text css=&#8221;.vc_custom_1651810531177{margin-bottom: 0px !important;}&#8221;]We always strive to be the preferred supplier and strategic partner of our customers in the food industry.<\/p>\n<p>We always strive for excellence in production and business by building a culture of continuous self-improvement in the business.<\/p>\n<p>We add value to customers and partners on the basis of promoting advantages of scale.[\/vc_column_text][\/vc_column][\/vc_row][vc_row full_width=&#8221;stretch_row&#8221; content_placement=&#8221;middle&#8221; css=&#8221;.vc_custom_1651811616182{padding-top: 20px !important;padding-bottom: 40px !important;background-image: url(http:\/\/luavang.southteam.studio\/wp-content\/uploads\/2022\/05\/home-1-blog-bg.png?id=179) !important;}&#8221; el_class=&#8221;bg-cscl&#8221;][vc_column][vc_custom_heading text=&#8221;Quality Policy&#8221; font_container=&#8221;tag:h2|text_align:center&#8221; use_theme_fonts=&#8221;yes&#8221; el_class=&#8221;title-main&#8221;][vc_empty_space height=&#8221;30px&#8221;][vc_row_inner][vc_column_inner width=&#8221;1\/3&#8243;][vc_custom_heading text=&#8221;Service standards&#8221; font_container=&#8221;tag:h5|text_align:center&#8221; use_theme_fonts=&#8221;yes&#8221; el_class=&#8221;font-weight-bold&#8221;][vc_column_text css=&#8221;.vc_custom_1651811051808{margin-bottom: 0px !important;}&#8221;]Committed to providing goods of the right type, quantity and service as required by customers in compliance with standard processes, quality standards and established safety regulations and regulations.<\/p>\n<p>Providing baking courses, sharing knowledge, ideas as well as exchanging experiences to create optimal value for customers&#8217; final products.[\/vc_column_text][\/vc_column_inner][vc_column_inner width=&#8221;1\/3&#8243;][vc_custom_heading text=&#8221;Commitment to quality&#8221; font_container=&#8221;tag:h5|text_align:center&#8221; use_theme_fonts=&#8221;yes&#8221; el_class=&#8221;font-weight-bold&#8221;][vc_column_text css=&#8221;.vc_custom_1651811065654{margin-bottom: 0px !important;}&#8221;]Providing customers with high quality flour products produced from the best imported wheat sources on modern milling lines.<\/p>\n<p>Maintaining consistent quality is a fundamental criterion throughout our manufacturing process. The entire leadership and staff are responsible for the quality of the product and strictly comply with the processes and regulations related to quality.[\/vc_column_text][\/vc_column_inner][vc_column_inner width=&#8221;1\/3&#8243;][vc_custom_heading text=&#8221;Continuously improve quality&#8221; font_container=&#8221;tag:h5|text_align:center&#8221; use_theme_fonts=&#8221;yes&#8221; el_class=&#8221;font-weight-bold&#8221;][vc_column_text css=&#8221;.vc_custom_1651811074032{margin-bottom: 0px !important;}&#8221;]Empowering employees, everyone is responsible and committed to achieving the goal of creating products and services of the highest quality.<\/p>\n<p>Constantly making efforts to study, research, create, share knowledge and experience to improve product quality.[\/vc_column_text][\/vc_column_inner][\/vc_row_inner][\/vc_column][\/vc_row][vc_row content_placement=&#8221;middle&#8221; css=&#8221;.vc_custom_1651734113967{padding-top: 20px !important;padding-bottom: 40px !important;}&#8221;][vc_column][vc_custom_heading text=&#8221;Quality management system&#8221; font_container=&#8221;tag:h2|text_align:center&#8221; use_theme_fonts=&#8221;yes&#8221; el_class=&#8221;title-main&#8221;][vc_empty_space height=&#8221;30px&#8221;][vc_row_inner][vc_column_inner width=&#8221;1\/5&#8243;][\/vc_column_inner][vc_column_inner width=&#8221;1\/5&#8243;][vc_single_image image=&#8221;944&#8243; img_size=&#8221;full&#8221; onclick=&#8221;link_image&#8221; css=&#8221;.vc_custom_1660028571593{margin-bottom: 0px !important;}&#8221;][\/vc_column_inner][vc_column_inner width=&#8221;1\/5&#8243;][vc_single_image image=&#8221;945&#8243; img_size=&#8221;full&#8221; onclick=&#8221;link_image&#8221; css=&#8221;.vc_custom_1660028564610{margin-bottom: 0px !important;}&#8221;][\/vc_column_inner][vc_column_inner width=&#8221;1\/5&#8243;][vc_single_image image=&#8221;946&#8243; img_size=&#8221;full&#8221; onclick=&#8221;link_image&#8221; css=&#8221;.vc_custom_1660028585158{margin-bottom: 0px !important;}&#8221;][\/vc_column_inner][vc_column_inner width=&#8221;1\/5&#8243;][\/vc_column_inner][\/vc_row_inner][\/vc_column][\/vc_row][vc_row][vc_column][vc_custom_heading text=&#8221;Achievements&#8221; font_container=&#8221;tag:h2|text_align:center&#8221; use_theme_fonts=&#8221;yes&#8221; el_class=&#8221;title-main&#8221;][vc_empty_space height=&#8221;30px&#8221;][vc_row_inner content_placement=&#8221;middle&#8221;][vc_column_inner width=&#8221;1\/4&#8243;][vc_single_image image=&#8221;185&#8243; img_size=&#8221;full&#8221; onclick=&#8221;link_image&#8221; css=&#8221;.vc_custom_1660028638776{margin-bottom: 0px !important;}&#8221;][\/vc_column_inner][vc_column_inner width=&#8221;1\/4&#8243;][vc_single_image image=&#8221;186&#8243; img_size=&#8221;full&#8221; onclick=&#8221;link_image&#8221; css=&#8221;.vc_custom_1660028673221{margin-bottom: 0px !important;}&#8221;][\/vc_column_inner][vc_column_inner width=&#8221;1\/4&#8243;][vc_single_image image=&#8221;187&#8243; img_size=&#8221;full&#8221; onclick=&#8221;link_image&#8221; css=&#8221;.vc_custom_1660028681517{margin-bottom: 0px !important;}&#8221;][\/vc_column_inner][vc_column_inner width=&#8221;1\/4&#8243;][vc_single_image image=&#8221;188&#8243; img_size=&#8221;full&#8221; onclick=&#8221;link_image&#8221; css=&#8221;.vc_custom_1660028693110{margin-bottom: 0px !important;}&#8221;][\/vc_column_inner][\/vc_row_inner][\/vc_column][\/vc_row]<\/p>\n","protected":false},"excerpt":{"rendered":"<p>[vc_row full_width=&#8221;stretch_row&#8221; content_placement=&#8221;middle&#8221; css=&#8221;.vc_custom_1651812077831{padding-bottom: 40px !important;background-image: url(http:\/\/luavang.southteam.studio\/wp-content\/uploads\/2022\/05\/about-3-bg-1-1.png?id=191) !important;}&#8221; el_class=&#8221;bg-abus&#8221;][vc_column][vc_single_image image=&#8221;69&#8243; el_class=&#8221;img-header center&#8221; css=&#8221;.vc_custom_1651807747420{margin-bottom: 10px !important;}&#8221;][vc_custom_heading text=&#8221;Welcome To&#8221; font_container=&#8221;tag:h2|text_align:center&#8221; use_theme_fonts=&#8221;yes&#8221; el_class=&#8221;title-sub&#8221;][vc_custom_heading text=&#8221;GOLDEN WHEAT JSC&#8221; font_container=&#8221;tag:h2|text_align:center&#8221; use_theme_fonts=&#8221;yes&#8221; el_class=&#8221;title-main&#8221;][vc_empty_space height=&#8221;30px&#8221;][vc_column_text]Inherited from Hiep Luc Co., Ltd (Song Than Flour Factory) with the famous Bach Tuyet (now known as Fairy) flour, this is a company gathered from experienced Chinese owners.<\/p>\n","protected":false},"author":1,"featured_media":0,"parent":0,"menu_order":0,"comment_status":"closed","ping_status":"closed","template":"page-templates\/fullwidthpage.php","meta":[],"yoast_head":"<!-- This site is optimized with the Yoast SEO plugin v19.4 - https:\/\/yoast.com\/wordpress\/plugins\/seo\/ -->\n<title>About Us - L\u00faa V\u00e0ng<\/title>\n<meta name=\"robots\" content=\"index, follow, max-snippet:-1, max-image-preview:large, max-video-preview:-1\" \/>\n<link rel=\"canonical\" href=\"https:\/\/luavangvina.com\/en\/about-us\/\" \/>\n<meta property=\"og:locale\" content=\"en_US\" \/>\n<meta property=\"og:type\" content=\"article\" \/>\n<meta property=\"og:title\" content=\"About Us - L\u00faa V\u00e0ng\" \/>\n<meta property=\"og:description\" content=\"[vc_row full_width=&#8221;stretch_row&#8221; content_placement=&#8221;middle&#8221; css=&#8221;.vc_custom_1651812077831{padding-bottom: 40px !important;background-image: url(http:\/\/luavang.southteam.studio\/wp-content\/uploads\/2022\/05\/about-3-bg-1-1.png?id=191) !important;}&#8221; el_class=&#8221;bg-abus&#8221;][vc_column][vc_single_image image=&#8221;69&#8243; el_class=&#8221;img-header center&#8221; css=&#8221;.vc_custom_1651807747420{margin-bottom: 10px !important;}&#8221;][vc_custom_heading text=&#8221;Welcome To&#8221; font_container=&#8221;tag:h2|text_align:center&#8221; use_theme_fonts=&#8221;yes&#8221; el_class=&#8221;title-sub&#8221;][vc_custom_heading text=&#8221;GOLDEN WHEAT JSC&#8221; font_container=&#8221;tag:h2|text_align:center&#8221; use_theme_fonts=&#8221;yes&#8221; el_class=&#8221;title-main&#8221;][vc_empty_space height=&#8221;30px&#8221;][vc_column_text]Inherited from Hiep Luc Co., Ltd (Song Than Flour Factory) with the famous Bach Tuyet (now known as Fairy) flour, this is a company gathered from experienced Chinese owners.\" \/>\n<meta property=\"og:url\" content=\"https:\/\/luavangvina.com\/en\/about-us\/\" \/>\n<meta property=\"og:site_name\" content=\"L\u00faa V\u00e0ng\" \/>\n<meta property=\"article:modified_time\" content=\"2022-08-09T10:00:47+00:00\" \/>\n<meta name=\"twitter:card\" content=\"summary_large_image\" \/>\n<meta name=\"twitter:label1\" content=\"Est. reading time\" \/>\n\t<meta name=\"twitter:data1\" content=\"5 minutes\" \/>\n<script type=\"application\/ld+json\" class=\"yoast-schema-graph\">{\"@context\":\"https:\/\/schema.org\",\"@graph\":[{\"@type\":\"WebSite\",\"@id\":\"https:\/\/luavangvina.com\/#website\",\"url\":\"https:\/\/luavangvina.com\/\",\"name\":\"L\u00faa V\u00e0ng\",\"description\":\"Mang \u0111\u1ebfn gi\u00e1 tr\u1ecb v\u00e0ng\",\"potentialAction\":[{\"@type\":\"SearchAction\",\"target\":{\"@type\":\"EntryPoint\",\"urlTemplate\":\"https:\/\/luavangvina.com\/?s={search_term_string}\"},\"query-input\":\"required name=search_term_string\"}],\"inLanguage\":\"en-US\"},{\"@type\":\"WebPage\",\"@id\":\"https:\/\/luavangvina.com\/en\/about-us\/\",\"url\":\"https:\/\/luavangvina.com\/en\/about-us\/\",\"name\":\"About Us - L\u00faa V\u00e0ng\",\"isPartOf\":{\"@id\":\"https:\/\/luavangvina.com\/#website\"},\"datePublished\":\"2022-08-09T04:47:36+00:00\",\"dateModified\":\"2022-08-09T10:00:47+00:00\",\"breadcrumb\":{\"@id\":\"https:\/\/luavangvina.com\/en\/about-us\/#breadcrumb\"},\"inLanguage\":\"en-US\",\"potentialAction\":[{\"@type\":\"ReadAction\",\"target\":[\"https:\/\/luavangvina.com\/en\/about-us\/\"]}]},{\"@type\":\"BreadcrumbList\",\"@id\":\"https:\/\/luavangvina.com\/en\/about-us\/#breadcrumb\",\"itemListElement\":[{\"@type\":\"ListItem\",\"position\":1,\"name\":\"Trang ch\u1ee7\",\"item\":\"https:\/\/luavangvina.com\/en\/\"},{\"@type\":\"ListItem\",\"position\":2,\"name\":\"About Us\"}]}]}<\/script>\n<!-- \/ Yoast SEO plugin. -->","yoast_head_json":{"title":"About Us - L\u00faa V\u00e0ng","robots":{"index":"index","follow":"follow","max-snippet":"max-snippet:-1","max-image-preview":"max-image-preview:large","max-video-preview":"max-video-preview:-1"},"canonical":"https:\/\/luavangvina.com\/en\/about-us\/","og_locale":"en_US","og_type":"article","og_title":"About Us - L\u00faa V\u00e0ng","og_description":"[vc_row full_width=&#8221;stretch_row&#8221; content_placement=&#8221;middle&#8221; css=&#8221;.vc_custom_1651812077831{padding-bottom: 40px !important;background-image: url(http:\/\/luavang.southteam.studio\/wp-content\/uploads\/2022\/05\/about-3-bg-1-1.png?id=191) !important;}&#8221; el_class=&#8221;bg-abus&#8221;][vc_column][vc_single_image image=&#8221;69&#8243; el_class=&#8221;img-header center&#8221; css=&#8221;.vc_custom_1651807747420{margin-bottom: 10px !important;}&#8221;][vc_custom_heading text=&#8221;Welcome To&#8221; font_container=&#8221;tag:h2|text_align:center&#8221; use_theme_fonts=&#8221;yes&#8221; el_class=&#8221;title-sub&#8221;][vc_custom_heading text=&#8221;GOLDEN WHEAT JSC&#8221; font_container=&#8221;tag:h2|text_align:center&#8221; use_theme_fonts=&#8221;yes&#8221; el_class=&#8221;title-main&#8221;][vc_empty_space height=&#8221;30px&#8221;][vc_column_text]Inherited from Hiep Luc Co., Ltd (Song Than Flour Factory) with the famous Bach Tuyet (now known as Fairy) flour, this is a company gathered from experienced Chinese owners.","og_url":"https:\/\/luavangvina.com\/en\/about-us\/","og_site_name":"L\u00faa V\u00e0ng","article_modified_time":"2022-08-09T10:00:47+00:00","twitter_card":"summary_large_image","twitter_misc":{"Est. reading time":"5 minutes"},"schema":{"@context":"https:\/\/schema.org","@graph":[{"@type":"WebSite","@id":"https:\/\/luavangvina.com\/#website","url":"https:\/\/luavangvina.com\/","name":"L\u00faa V\u00e0ng","description":"Mang \u0111\u1ebfn gi\u00e1 tr\u1ecb v\u00e0ng","potentialAction":[{"@type":"SearchAction","target":{"@type":"EntryPoint","urlTemplate":"https:\/\/luavangvina.com\/?s={search_term_string}"},"query-input":"required name=search_term_string"}],"inLanguage":"en-US"},{"@type":"WebPage","@id":"https:\/\/luavangvina.com\/en\/about-us\/","url":"https:\/\/luavangvina.com\/en\/about-us\/","name":"About Us - L\u00faa V\u00e0ng","isPartOf":{"@id":"https:\/\/luavangvina.com\/#website"},"datePublished":"2022-08-09T04:47:36+00:00","dateModified":"2022-08-09T10:00:47+00:00","breadcrumb":{"@id":"https:\/\/luavangvina.com\/en\/about-us\/#breadcrumb"},"inLanguage":"en-US","potentialAction":[{"@type":"ReadAction","target":["https:\/\/luavangvina.com\/en\/about-us\/"]}]},{"@type":"BreadcrumbList","@id":"https:\/\/luavangvina.com\/en\/about-us\/#breadcrumb","itemListElement":[{"@type":"ListItem","position":1,"name":"Trang ch\u1ee7","item":"https:\/\/luavangvina.com\/en\/"},{"@type":"ListItem","position":2,"name":"About Us"}]}]}},"_links":{"self":[{"href":"https:\/\/luavangvina.com\/en\/wp-json\/wp\/v2\/pages\/985"}],"collection":[{"href":"https:\/\/luavangvina.com\/en\/wp-json\/wp\/v2\/pages"}],"about":[{"href":"https:\/\/luavangvina.com\/en\/wp-json\/wp\/v2\/types\/page"}],"author":[{"embeddable":true,"href":"https:\/\/luavangvina.com\/en\/wp-json\/wp\/v2\/users\/1"}],"replies":[{"embeddable":true,"href":"https:\/\/luavangvina.com\/en\/wp-json\/wp\/v2\/comments?post=985"}],"version-history":[{"count":15,"href":"https:\/\/luavangvina.com\/en\/wp-json\/wp\/v2\/pages\/985\/revisions"}],"predecessor-version":[{"id":1021,"href":"https:\/\/luavangvina.com\/en\/wp-json\/wp\/v2\/pages\/985\/revisions\/1021"}],"wp:attachment":[{"href":"https:\/\/luavangvina.com\/en\/wp-json\/wp\/v2\/media?parent=985"}],"curies":[{"name":"wp","href":"https:\/\/api.w.org\/{rel}","templated":true}]}}